{"id":21,"date":"2026-03-08T17:47:44","date_gmt":"2026-03-08T16:47:44","guid":{"rendered":"https:\/\/golfomoments.com\/kontakt\/"},"modified":"2026-04-15T10:48:33","modified_gmt":"2026-04-15T08:48:33","slug":"kontakt","status":"publish","type":"page","link":"https:\/\/golfomoments.com\/iso-639-1\/kontakt\/","title":{"rendered":"Kontakt \/ Contact \/ Contatto"},"content":{"rendered":"\n<div class=\"wp-block-group alignfull is-style-ext-preset--group--natural-1--section ext-animate--on has-background-background-color has-background has-global-padding is-layout-constrained wp-block-group-is-layout-constrained\" id=\"contact\" style=\"margin-top:0;margin-bottom:0;padding-top:var(--wp--preset--spacing--70);padding-bottom:var(--wp--preset--spacing--70)\">\n<div class=\"wp-block-media-text alignwide is-stacked-on-mobile is-image-fill-element is-style-ext-preset--media-text--natural-1--card-1 ext-animate--on has-tertiary-background-color has-background is-style-ext-preset--media-text--natural-1--card-1--2\" style=\"grid-template-columns:48% auto\"><figure class=\"wp-block-media-text__media\"><img fetchpriority=\"high\" decoding=\"async\" width=\"1440\" height=\"1080\" src=\"https:\/\/golfomoments.com\/wp-content\/uploads\/2026\/03\/5ebd83d7056aa31acd0f3508a44fb17a9a546fcd.jpg\" alt=\"\" class=\"wp-image-51 size-full\" style=\"object-position:50% 50%\" srcset=\"https:\/\/golfomoments.com\/wp-content\/uploads\/2026\/03\/5ebd83d7056aa31acd0f3508a44fb17a9a546fcd.jpg 1440w, https:\/\/golfomoments.com\/wp-content\/uploads\/2026\/03\/5ebd83d7056aa31acd0f3508a44fb17a9a546fcd-300x225.jpg 300w, https:\/\/golfomoments.com\/wp-content\/uploads\/2026\/03\/5ebd83d7056aa31acd0f3508a44fb17a9a546fcd-1024x768.jpg 1024w, https:\/\/golfomoments.com\/wp-content\/uploads\/2026\/03\/5ebd83d7056aa31acd0f3508a44fb17a9a546fcd-768x576.jpg 768w, https:\/\/golfomoments.com\/wp-content\/uploads\/2026\/03\/5ebd83d7056aa31acd0f3508a44fb17a9a546fcd-16x12.jpg 16w\" sizes=\"(max-width: 1440px) 100vw, 1440px\" \/><\/figure><div class=\"wp-block-media-text__content\">\n<div class=\"wp-block-group alignwide ext-animate--on has-global-padding is-layout-constrained wp-container-core-group-is-layout-48493932 wp-block-group-is-layout-constrained\" style=\"padding-top:var(--wp--preset--spacing--55);padding-right:var(--wp--preset--spacing--55);padding-bottom:var(--wp--preset--spacing--55);padding-left:var(--wp--preset--spacing--55)\"><div class=\"wpforms-container wpforms-block wpforms-block-406c62bf-d413-4f54-9e34-6ea96a36e1dd wpforms-render-modern\" id=\"wpforms-15\"><form id=\"wpforms-form-15\" class=\"wpforms-validate wpforms-form wpforms-ajax-form\" data-formid=\"15\" method=\"post\" enctype=\"multipart\/form-data\" action=\"\/iso-639-1\/wp-json\/wp\/v2\/pages\/21\" data-token=\"6a648b0ec37efffecf6e0ccb4c99a842\" data-token-time=\"1776695159\"><noscript class=\"wpforms-error-noscript\">Abilita JavaScript nel browser per completare questo modulo.<\/noscript><div id=\"wpforms-error-noscript\" style=\"display: none;\">Abilita JavaScript nel browser per completare questo modulo.<\/div><div class=\"wpforms-field-container\"><div id=\"wpforms-15-field_2-container\" class=\"wpforms-field wpforms-field-email\" data-field-id=\"2\"><label class=\"wpforms-field-label\" for=\"wpforms-15-field_2\">E-mail <span class=\"wpforms-required-label\" aria-hidden=\"true\">*<\/span><\/label><input type=\"email\" id=\"wpforms-15-field_2\" class=\"wpforms-field-large wpforms-field-required\" name=\"wpforms[fields][2]\" spellcheck=\"false\" aria-errormessage=\"wpforms-15-field_2-error\" required><\/div>\t\t<div id=\"wpforms-15-field_1-container\"\n\t\t\tclass=\"wpforms-field wpforms-field-text\"\n\t\t\tdata-field-type=\"text\"\n\t\t\tdata-field-id=\"1\"\n\t\t\t>\n\t\t\t<label class=\"wpforms-field-label\" for=\"wpforms-15-field_1\" >Message \/ Messaggio<\/label>\n\t\t\t<input type=\"text\" id=\"wpforms-15-field_1\" class=\"wpforms-field-medium\" name=\"wpforms[fields][1]\" >\n\t\t<\/div>\n\t\t<div id=\"wpforms-15-field_5-container\" class=\"wpforms-field wpforms-field-textarea\" data-field-id=\"5\"><label class=\"wpforms-field-label\" for=\"wpforms-15-field_5\">Wiadomo\u015b\u0107 \/ Message \/ Messaggio <span class=\"wpforms-required-label\" aria-hidden=\"true\">*<\/span><\/label><textarea id=\"wpforms-15-field_5\" class=\"wpforms-field-large wpforms-field-required\" name=\"wpforms[fields][5]\" aria-errormessage=\"wpforms-15-field_5-error\" required><\/textarea><\/div><div id=\"wpforms-15-field_4-container\" class=\"wpforms-field wpforms-field-checkbox\" data-field-id=\"4\"><fieldset><legend class=\"wpforms-field-label\">Zgoda <span class=\"wpforms-required-label\" aria-hidden=\"true\">*<\/span><\/legend><ul id=\"wpforms-15-field_4\" class=\"wpforms-field-required\"><li class=\"choice-3 depth-1\"><input type=\"checkbox\" id=\"wpforms-15-field_4_3\" name=\"wpforms[fields][4][]\" value=\"Akceptuje regulamin, m\u00f3wi\u0105cy o tym \u017ce: Dane osobowe zawarte w formularzu kontaktowym b\u0119d\u0105 przetwarzane przez GRIN HOUSE DESIGN Sp. z o.o., ul. Bia\u0142o\u0142\u0119cka 233 A bud. B2 03-253 Warszawa, NIP 5242911110, KRS 0000874439, info@golfomoments.com,  +48 504 072 855 wsp\u00f3\u0142tw\u00f3rc\u0119 i g\u0142\u00f3wnego administratora strony, znajduj\u0105cej si\u0119 pod adresem www.golfomoments.com w celu udzielenia odpowiedzi lub za\u0142atwienia Twojej sprawy. Zapozna\u0142am\/em si\u0119 z polityk\u0105 prywatno\u015bci. \/ I accept the terms and conditions stating that: Personal data included in the contact form will be processed by GRIN HOUSE DESIGN Sp. z o.o., ul. Bia\u0142o\u0142\u0119cka 233 A, building B2, 03-253 Warsaw, NIP 5242911110, KRS 0000874439, info@golfomoments.com, +48 504 072 855, co-creator and main administrator of the website located at www.golfomoments.com, in order to respond to your inquiry or resolve your matter. I have read the privacy policy. \/ Accetto i termini e le condizioni che stabiliscono che: i dati personali inseriti nel modulo di contatto saranno trattati da GRIN HOUSE DESIGN Sp. z o.o., ul. Bia\u0142o\u0142\u0119cka 233 A, edificio B2, 03-253 Varsavia, NIP 5242911110, KRS 0000874439, info@golfomoments.com, +48 504 072 855, co-creatore e amministratore principale del sito web www.golfomoments.com, al fine di rispondere alla tua richiesta o risolvere il tuo problema. Ho letto l&#039;informativa sulla privacy.\" aria-errormessage=\"wpforms-15-field_4_3-error\" required ><label class=\"wpforms-field-label-inline\" for=\"wpforms-15-field_4_3\">Akceptuje regulamin, m\u00f3wi\u0105cy o tym \u017ce: Dane osobowe zawarte w formularzu kontaktowym b\u0119d\u0105 przetwarzane przez GRIN HOUSE DESIGN Sp. z o.o., ul. Bia\u0142o\u0142\u0119cka 233 A bud. B2 03-253 Warszawa, NIP 5242911110, KRS 0000874439, info@golfomoments.com,  +48 504 072 855 wsp\u00f3\u0142tw\u00f3rc\u0119 i g\u0142\u00f3wnego administratora strony, znajduj\u0105cej si\u0119 pod adresem www.golfomoments.com w celu udzielenia odpowiedzi lub za\u0142atwienia Twojej sprawy. Zapozna\u0142am\/em si\u0119 z polityk\u0105 prywatno\u015bci. \/ I accept the terms and conditions stating that: Personal data included in the contact form will be processed by GRIN HOUSE DESIGN Sp. z o.o., ul. Bia\u0142o\u0142\u0119cka 233 A, building B2, 03-253 Warsaw, NIP 5242911110, KRS 0000874439, info@golfomoments.com, +48 504 072 855, co-creator and main administrator of the website located at www.golfomoments.com, in order to respond to your inquiry or resolve your matter. I have read the privacy policy. \/ Accetto i termini e le condizioni che stabiliscono che: i dati personali inseriti nel modulo di contatto saranno trattati da GRIN HOUSE DESIGN Sp. z o.o., ul. Bia\u0142o\u0142\u0119cka 233 A, edificio B2, 03-253 Varsavia, NIP 5242911110, KRS 0000874439, info@golfomoments.com, +48 504 072 855, co-creatore e amministratore principale del sito web www.golfomoments.com, al fine di rispondere alla tua richiesta o risolvere il tuo problema. Ho letto l&#8217;informativa sulla privacy.<\/label><\/li><\/ul><\/fieldset><\/div><script>\n\t\t\t\t( function() {\n\t\t\t\t\tconst style = document.createElement( 'style' );\n\t\t\t\t\tstyle.appendChild( document.createTextNode( '#wpforms-15-field_1-container { position: absolute !important; overflow: hidden !important; display: inline !important; height: 1px !important; width: 1px !important; z-index: -1000 !important; padding: 0 !important; } #wpforms-15-field_1-container input { visibility: hidden; } #wpforms-conversational-form-page #wpforms-15-field_1-container label { counter-increment: none; }' ) );\n\t\t\t\t\tdocument.head.appendChild( style );\n\t\t\t\t\tdocument.currentScript?.remove();\n\t\t\t\t} )();\n\t\t\t<\/script><\/div><!-- .wpforms-field-container --><div class=\"wpforms-submit-container\" ><input type=\"hidden\" name=\"wpforms[id]\" value=\"15\"><input type=\"hidden\" name=\"page_title\" value=\"\"><input type=\"hidden\" name=\"page_url\" value=\"https:\/\/golfomoments.com\/iso-639-1\/wp-json\/wp\/v2\/pages\/21\"><input type=\"hidden\" name=\"url_referer\" value=\"\"><button type=\"submit\" name=\"wpforms[submit]\" id=\"wpforms-submit-15\" class=\"wpforms-submit\" data-alt-text=\"Wysy\u0142anie... \/ Sending... \/ Invio...\" data-submit-text=\"Prze\u015blij \/ Send \/ Invia\" aria-live=\"assertive\" value=\"wpforms-submit\">Prze\u015blij \/ Send \/ Invia<\/button><img decoding=\"async\" src=\"https:\/\/golfomoments.com\/wp-content\/plugins\/wpforms-lite\/assets\/images\/submit-spin.svg\" class=\"wpforms-submit-spinner\" style=\"display: none;\" width=\"26\" height=\"26\" alt=\"Caricamento\"><\/div><\/form><\/div>  <!-- .wpforms-container --><\/div>\n<\/div><\/div>\n\n\n\n<p class=\"ext-animate--on\">\ud83c\uddee\ud83c\uddf9<\/p>\n\n\n\n<p class=\"ext-animate--on\">Wiola <\/p>\n\n\n\n<p class=\"ext-animate--on\">(restauracja i kursy kulinarne, w\u0142oski, polski) <\/p>\n\n\n\n<p class=\"ext-animate--on\">(restaurant and cooking classes, Italian, Polish) <\/p>\n\n\n\n<p class=\"ext-animate--on\">(ristorante e corsi di cucina, italiano, polacco)<\/p>\n\n\n\n<p class=\"ext-animate--on\"><a href=\"http:\/\/tel.: +39 329 101 1546\" title=\"\">+39 329 101 1546 <\/a><\/p>\n\n\n\n<p class=\"ext-animate--on\"><a href=\"mailto:ristorantesailing@gmail.com\">ristorantesailing@gmail.com<\/a><\/p>\n\n\n\n<p class=\"ext-animate--on\">\ud83c\uddec\ud83c\udde7\ud83c\uddf5\ud83c\uddf1<\/p>\n\n\n\n<p class=\"ext-animate--on\">Monika <\/p>\n\n\n\n<p class=\"ext-animate--on\">(atrakcje i spacery, polski, angielski)<\/p>\n\n\n\n<p class=\"ext-animate--on\">(attractions and tours, Polish, English)<\/p>\n\n\n\n<p class=\"ext-animate--on\">(attrazioni e passeggiate, polacco, inglese)<\/p>\n\n\n\n<p class=\"ext-animate--on\"><a href=\"http:\/\/tel.:+39 351 869 8027 00\" title=\"+39 351 869 8027 00 \">+39 351 869 8027 00 <\/a><\/p>\n\n\n\n<p class=\"ext-animate--on\"><a href=\"http:\/\/tel.:+48 504072855\" title=\"\">+48 504072855 <\/a><\/p>\n\n\n\n<p class=\"ext-animate--on\"><a href=\"mailto:info@golfomoments.com\">info@golfomoments.com<\/a><\/p>\n\n\n\n<p class=\"ext-animate--on\">\ud83c\uddf5\ud83c\uddf1<\/p>\n\n\n\n<p class=\"ext-animate--on\">Darek (transfery i spacery, polski)<\/p>\n\n\n\n<p class=\"ext-animate--on\"><a href=\"http:\/\/tel.:+48 503 117 639\" title=\"+48 503 117 639 \">+48 503 117 639 <\/a><\/p>\n\n\n\n<p class=\"ext-animate--on\"><a href=\"http:\/\/tel.:+39 351 594 8304\" title=\"+39 351 594 8304\">+39 351 594 8304<\/a><\/p>\n<\/div>\n","protected":false},"excerpt":{"rendered":"<p>\ud83c\uddee\ud83c\uddf9 Wiola (restauracja i kursy kulinarne, w\u0142oski, polski) (restaurant and cooking classes, Italian, Polish) (ristorante e corsi di cucina, italiano, polacco) +39 329 101 1546 ristorantesailing@gmail.com \ud83c\uddec\ud83c\udde7\ud83c\uddf5\ud83c\uddf1 Monika (atrakcje i spacery, polski, angielski) (attractions and tours, Polish, English) (attrazioni e passeggiate, polacco, inglese) +39 351 869 8027 00 +48 504072855 info@golfomoments.com \ud83c\uddf5\ud83c\uddf1 Darek (transfery i [&hellip;]<\/p>\n","protected":false},"author":1,"featured_media":0,"parent":0,"menu_order":0,"comment_status":"closed","ping_status":"closed","template":"page-with-title","meta":{"footnotes":""},"class_list":["post-21","page","type-page","status-publish","hentry"],"aioseo_notices":[],"_links":{"self":[{"href":"https:\/\/golfomoments.com\/iso-639-1\/wp-json\/wp\/v2\/pages\/21","targetHints":{"allow":["GET"]}}],"collection":[{"href":"https:\/\/golfomoments.com\/iso-639-1\/wp-json\/wp\/v2\/pages"}],"about":[{"href":"https:\/\/golfomoments.com\/iso-639-1\/wp-json\/wp\/v2\/types\/page"}],"author":[{"embeddable":true,"href":"https:\/\/golfomoments.com\/iso-639-1\/wp-json\/wp\/v2\/users\/1"}],"replies":[{"embeddable":true,"href":"https:\/\/golfomoments.com\/iso-639-1\/wp-json\/wp\/v2\/comments?post=21"}],"version-history":[{"count":14,"href":"https:\/\/golfomoments.com\/iso-639-1\/wp-json\/wp\/v2\/pages\/21\/revisions"}],"predecessor-version":[{"id":983,"href":"https:\/\/golfomoments.com\/iso-639-1\/wp-json\/wp\/v2\/pages\/21\/revisions\/983"}],"wp:attachment":[{"href":"https:\/\/golfomoments.com\/iso-639-1\/wp-json\/wp\/v2\/media?parent=21"}],"curies":[{"name":"wp","href":"https:\/\/api.w.org\/{rel}","templated":true}]}}