{"id":734,"date":"2026-03-25T11:12:24","date_gmt":"2026-03-25T10:12:24","guid":{"rendered":"https:\/\/golfomoments.com\/?page_id=734"},"modified":"2026-03-26T03:07:59","modified_gmt":"2026-03-26T02:07:59","slug":"zapisy-warsztaty-kulinarne-2","status":"publish","type":"page","link":"https:\/\/golfomoments.com\/pl\/zapisy-warsztaty-kulinarne-2\/","title":{"rendered":"Zapisz si\u0119 na warsztaty kulinarne \n Sign up for culinary workshops \nIscriviti ai laboratori di cucina"},"content":{"rendered":"\n<div class=\"wp-block-group alignfull is-style-ext-preset--group--natural-1--section has-background-background-color has-background has-global-padding is-layout-constrained wp-block-group-is-layout-constrained\" id=\"kontakt\" style=\"margin-top:0;margin-bottom:0;padding-top:var(--wp--preset--spacing--70);padding-bottom:var(--wp--preset--spacing--70)\">\n<div class=\"wp-block-columns alignwide is-layout-flex wp-container-core-columns-is-layout-08c01c1c wp-block-columns-is-layout-flex\">\n<div class=\"wp-block-column is-vertically-aligned-stretch ext-animate--on is-layout-flow wp-block-column-is-layout-flow\">\n<div class=\"wp-block-group alignwide is-style-ext-preset--group--natural-1--item-card-1--align-start has-tertiary-background-color has-background is-nowrap is-layout-flex wp-container-core-group-is-layout-bcde1d39 wp-block-group-is-layout-flex is-style-ext-preset--group--natural-1--item-card-1--align-start--2\" style=\"min-height:100%;padding-top:0;padding-right:0;padding-bottom:0;padding-left:0\">\n<div class=\"wp-block-group alignwide has-global-padding is-layout-constrained wp-container-core-group-is-layout-db1a079d wp-block-group-is-layout-constrained\" style=\"padding-top:var(--wp--preset--spacing--50);padding-right:var(--wp--preset--spacing--50);padding-bottom:var(--wp--preset--spacing--50);padding-left:var(--wp--preset--spacing--50)\">\n<figure class=\"wp-block-image size-large ext-animate--on\"><img fetchpriority=\"high\" decoding=\"async\" width=\"682\" height=\"1024\" src=\"https:\/\/golfomoments.com\/wp-content\/uploads\/2026\/03\/WhatsApp-Image-2026-03-12-at-16.19.14-1-682x1024.jpeg\" alt=\"\" class=\"wp-image-270\" srcset=\"https:\/\/golfomoments.com\/wp-content\/uploads\/2026\/03\/WhatsApp-Image-2026-03-12-at-16.19.14-1-682x1024.jpeg 682w, https:\/\/golfomoments.com\/wp-content\/uploads\/2026\/03\/WhatsApp-Image-2026-03-12-at-16.19.14-1-200x300.jpeg 200w, https:\/\/golfomoments.com\/wp-content\/uploads\/2026\/03\/WhatsApp-Image-2026-03-12-at-16.19.14-1-768x1153.jpeg 768w, https:\/\/golfomoments.com\/wp-content\/uploads\/2026\/03\/WhatsApp-Image-2026-03-12-at-16.19.14-1-1023x1536.jpeg 1023w, https:\/\/golfomoments.com\/wp-content\/uploads\/2026\/03\/WhatsApp-Image-2026-03-12-at-16.19.14-1.jpeg 1066w\" sizes=\"(max-width: 682px) 100vw, 682px\" \/><\/figure>\n\n\n\n<p class=\"ext-animate--on\">Znajd\u017a tutaj nasze dane kontaktowe, aby szybko uzyska\u0107 informacje o kursach kulinarnych w Castellammare del Golfo.<\/p>\n\n\n\n<p class=\"ext-animate--on\">Find our contact details here to quickly find out about our cooking courses in Castellammare del Golfo.<\/p>\n\n\n\n<p class=\"ext-animate--on\">Qui trovate i nostri contatti per avere subito informazioni sui nostri corsi di cucina a Castellammare del Golfo.<\/p>\n\n\n\n<div class=\"wp-block-columns is-not-stacked-on-mobile is-layout-flex wp-container-core-columns-is-layout-6db7e666 wp-block-columns-is-layout-flex\">\n<div class=\"wp-block-column is-layout-flow wp-block-column-is-layout-flow\" style=\"padding-top:2px;flex-basis:24px\">\n<figure class=\"wp-block-image size-large wp-duotone-primary-foreground\"><img decoding=\"async\" src=\"data:image\/svg+xml;base64,PHN2ZyB4bWxucz0iaHR0cDovL3d3dy53My5vcmcvMjAwMC9zdmciIHdpZHRoPSIyNCIgaGVpZ2h0PSIyNCIgZmlsbD0iIzAwMDAwMCIgdmlld0JveD0iMCAwIDI1NiAyNTYiPjxwYXRoIGQ9Ik0yMDAsMjI0SDE1MC41NEEyNjYuNTYsMjY2LjU2LDAsMCwwLDE3NCwyMDAuMjVjMjcuNDUtMzEuNTcsNDItNjQuODUsNDItOTYuMjVhODgsODgsMCwwLDAtMTc2LDBjMCwzMS40LDE0LjUxLDY0LjY4LDQyLDk2LjI1QTI2Ni41NiwyNjYuNTYsMCwwLDAsMTA1LjQ2LDIyNEg1NmE4LDgsMCwwLDAsMCwxNkgyMDBhOCw4LDAsMCwwLDAtMTZaTTU2LDEwNGE3Miw3MiwwLDAsMSwxNDQsMGMwLDU3LjIzLTU1LjQ3LDEwNS03MiwxMThDMTExLjQ3LDIwOSw1NiwxNjEuMjMsNTYsMTA0Wm0xMTIsMGE0MCw0MCwwLDEsMC00MCw0MEE0MCw0MCwwLDAsMCwxNjgsMTA0Wm0tNjQsMGEyNCwyNCwwLDEsMSwyNCwyNEEyNCwyNCwwLDAsMSwxMDQsMTA0WiI+PC9wYXRoPjwvc3ZnPg==\" alt=\"\"\/><\/figure>\n<\/div>\n\n\n\n<div class=\"wp-block-column is-layout-flow wp-container-core-column-is-layout-8a368f38 wp-block-column-is-layout-flow\">\n<p class=\"has-medium-font-size\" style=\"font-style:normal;font-weight:500\">Via Giovanni Verga 38, Apartament 3<\/p>\n\n\n\n<p class=\"has-medium-font-size\" style=\"margin-top:0;margin-bottom:0;font-style:normal;font-weight:500\">Piazza Marina 12, Budynek A<\/p>\n<\/div>\n<\/div>\n\n\n\n<div class=\"wp-block-columns are-vertically-aligned-center is-not-stacked-on-mobile is-layout-flex wp-container-core-columns-is-layout-6db7e666 wp-block-columns-is-layout-flex\">\n<div class=\"wp-block-column is-vertically-aligned-center is-layout-flow wp-block-column-is-layout-flow\" style=\"flex-basis:24px\">\n<figure class=\"wp-block-image size-large wp-duotone-primary-foreground\"><img decoding=\"async\" src=\"data:image\/svg+xml;base64,PHN2ZyB4bWxucz0iaHR0cDovL3d3dy53My5vcmcvMjAwMC9zdmciIHdpZHRoPSIyNCIgaGVpZ2h0PSIyNCIgZmlsbD0iIzAwMDAwMCIgdmlld0JveD0iMCAwIDI1NiAyNTYiPjxwYXRoIGQ9Ik0yMjIuMzcsMTU4LjQ2bC00Ny4xMS0yMS4xMS0uMTMtLjA2YTE2LDE2LDAsMCwwLTE1LjE3LDEuNCw4LjEyLDguMTIsMCwwLDAtLjc1LjU2TDEzNC44NywxNjBjLTE1LjQyLTcuNDktMzEuMzQtMjMuMjktMzguODMtMzguNTFsMjAuNzgtMjQuNzFjLjItLjI1LjM5LS41LjU3LS43N2ExNiwxNiwwLDAsMCwxLjMyLTE1LjA2bDAtLjEyTDk3LjU0LDMzLjY0YTE2LDE2LDAsMCwwLTE2LjYyLTkuNTJBNTYuMjYsNTYuMjYsMCwwLDAsMzIsODBjMCw3OS40LDY0LjYsMTQ0LDE0NCwxNDRhNTYuMjYsNTYuMjYsMCwwLDAsNTUuODgtNDguOTJBMTYsMTYsMCwwLDAsMjIyLjM3LDE1OC40NlpNMTc2LDIwOEExMjguMTQsMTI4LjE0LDAsMCwxLDQ4LDgwLDQwLjIsNDAuMiwwLDAsMSw4Mi44Nyw0MGEuNjEuNjEsMCwwLDAsMCwuMTJsMjEsNDdMODMuMiwxMTEuODZhNi4xMyw2LjEzLDAsMCwwLS41Ny43NywxNiwxNiwwLDAsMC0xLDE1LjdjOS4wNiwxOC41MywyNy43MywzNy4wNiw0Ni40Niw0Ni4xMWExNiwxNiwwLDAsMCwxNS43NS0xLjE0LDguNDQsOC40NCwwLDAsMCwuNzQtLjU2TDE2OC44OSwxNTJsNDcsMjEuMDVoMHMuMDgsMCwuMTEsMEE0MC4yMSw0MC4yMSwwLDAsMSwxNzYsMjA4WiI+PC9wYXRoPjwvc3ZnPg==\" alt=\"\"\/><\/figure>\n<\/div>\n\n\n\n<div class=\"wp-block-column is-vertically-aligned-center is-layout-flow wp-container-core-column-is-layout-8a368f38 wp-block-column-is-layout-flow\">\n<p class=\"has-medium-font-size\" style=\"font-style:normal;font-weight:500\"><a href=\"http:\/\/tel.:+390924123456\" title=\"+390924123456\">+390924123456<\/a> Wiola<\/p>\n<\/div>\n<\/div>\n\n\n\n<div class=\"wp-block-columns are-vertically-aligned-center is-not-stacked-on-mobile is-layout-flex wp-container-core-columns-is-layout-6db7e666 wp-block-columns-is-layout-flex\">\n<div class=\"wp-block-column is-vertically-aligned-center is-layout-flow wp-block-column-is-layout-flow\" style=\"flex-basis:24px\">\n<figure class=\"wp-block-image size-large wp-duotone-primary-foreground\"><img decoding=\"async\" src=\"data:image\/svg+xml;base64,PHN2ZyB4bWxucz0iaHR0cDovL3d3dy53My5vcmcvMjAwMC9zdmciIHdpZHRoPSIyNCIgaGVpZ2h0PSIyNCIgZmlsbD0iIzAwMDAwMCIgdmlld0JveD0iMCAwIDI1NiAyNTYiPjxwYXRoIGQ9Ik0yMjQsNDhIMzJhOCw4LDAsMCwwLTgsOFYxOTJhMTYsMTYsMCwwLDAsMTYsMTZIMjE2YTE2LDE2LDAsMCwwLDE2LTE2VjU2QTgsOCwwLDAsMCwyMjQsNDhaTTIwMy40Myw2NCwxMjgsMTMzLjE1LDUyLjU3LDY0Wk0yMTYsMTkySDQwVjc0LjE5bDgyLjU5LDc1LjcxYTgsOCwwLDAsMCwxMC44MiwwTDIxNiw3NC4xOVYxOTJaIj48L3BhdGg+PC9zdmc+\" alt=\"\"\/><\/figure>\n<\/div>\n\n\n\n<div class=\"wp-block-column is-vertically-aligned-center is-layout-flow wp-container-core-column-is-layout-8a368f38 wp-block-column-is-layout-flow\">\n<p class=\"has-medium-font-size\" style=\"font-style:normal;font-weight:500\"><a href=\"mailto:ristorantesailing@gmail.com\">ristorantesailing@gmail.com<\/a><\/p>\n<\/div>\n<\/div>\n<\/div>\n<\/div>\n<\/div>\n\n\n\n<div class=\"wp-block-column is-vertically-aligned-center ext-animate--on is-layout-flow wp-block-column-is-layout-flow\"><div class=\"wpforms-container ext-animate--on wpforms-block wpforms-block-e4db1699-bb18-4606-a15c-cc65d09f79c4 wpforms-render-modern\" id=\"wpforms-720\"><form id=\"wpforms-form-720\" class=\"wpforms-validate wpforms-form wpforms-ajax-form\" data-formid=\"720\" method=\"post\" enctype=\"multipart\/form-data\" action=\"\/pl\/wp-json\/wp\/v2\/pages\/734\" data-token=\"790b82cd366a0edbf4af05a91eb10426\" data-token-time=\"1776694902\"><noscript class=\"wpforms-error-noscript\">Aby wype\u0142ni\u0107 ten formularz, w\u0142\u0105cz obs\u0142ug\u0119 JavaScript w przegl\u0105darce.<\/noscript><div id=\"wpforms-error-noscript\" style=\"display: none;\">Aby wype\u0142ni\u0107 ten formularz, w\u0142\u0105cz obs\u0142ug\u0119 JavaScript w przegl\u0105darce.<\/div><div class=\"wpforms-field-container\"><div id=\"wpforms-720-field_2-container\" class=\"wpforms-field wpforms-field-email\" data-field-id=\"2\"><label class=\"wpforms-field-label\" for=\"wpforms-720-field_2\">E-mail <span class=\"wpforms-required-label\" aria-hidden=\"true\">*<\/span><\/label><input type=\"email\" id=\"wpforms-720-field_2\" class=\"wpforms-field-large wpforms-field-required\" name=\"wpforms[fields][2]\" spellcheck=\"false\" aria-errormessage=\"wpforms-720-field_2-error\" required><\/div><div id=\"wpforms-720-field_5-container\" class=\"wpforms-field wpforms-field-textarea\" data-field-id=\"5\"><label class=\"wpforms-field-label\" for=\"wpforms-720-field_5\">Wiadomo\u015b\u0107 \/ Message \/ Messaggio <span class=\"wpforms-required-label\" aria-hidden=\"true\">*<\/span><\/label><textarea id=\"wpforms-720-field_5\" class=\"wpforms-field-large wpforms-field-required\" name=\"wpforms[fields][5]\" aria-errormessage=\"wpforms-720-field_5-error\" required><\/textarea><\/div>\t\t<div id=\"wpforms-720-field_1-container\"\n\t\t\tclass=\"wpforms-field wpforms-field-text\"\n\t\t\tdata-field-type=\"text\"\n\t\t\tdata-field-id=\"1\"\n\t\t\t>\n\t\t\t<label class=\"wpforms-field-label\" for=\"wpforms-720-field_1\" >Zgoda Messaggio Message<\/label>\n\t\t\t<input type=\"text\" id=\"wpforms-720-field_1\" class=\"wpforms-field-medium\" name=\"wpforms[fields][1]\" >\n\t\t<\/div>\n\t\t<div id=\"wpforms-720-field_4-container\" class=\"wpforms-field wpforms-field-checkbox\" data-field-id=\"4\"><fieldset><legend class=\"wpforms-field-label\">Zgoda <span class=\"wpforms-required-label\" aria-hidden=\"true\">*<\/span><\/legend><ul id=\"wpforms-720-field_4\" class=\"wpforms-field-required\"><li class=\"choice-3 depth-1\"><input type=\"checkbox\" id=\"wpforms-720-field_4_3\" name=\"wpforms[fields][4][]\" value=\"Akceptuje regulamin, m\u00f3wi\u0105cy o tym \u017ce: Dane osobowe zawarte w formularzu kontaktowym b\u0119d\u0105 przetwarzane przez GRIN HOUSE DESIGN Sp. z o.o., ul. Bia\u0142o\u0142\u0119cka 233 A bud. B2 03-253 Warszawa, NIP 5242911110, KRS 0000874439, info@golfomoments.com,  +48 504 072 855 wsp\u00f3\u0142tw\u00f3rc\u0119 i g\u0142\u00f3wnego administratora strony, znajduj\u0105cej si\u0119 pod adresem www.golfomoments.com w celu udzielenia odpowiedzi lub za\u0142atwienia Twojej sprawy. Zapozna\u0142am\/em si\u0119 z polityk\u0105 prywatno\u015bci. \/ I accept the terms and conditions stating that: Personal data included in the contact form will be processed by GRIN HOUSE DESIGN Sp. z o.o., ul. Bia\u0142o\u0142\u0119cka 233 A, building B2, 03-253 Warsaw, NIP 5242911110, KRS 0000874439, info@golfomoments.com, +48 504 072 855, co-creator and main administrator of the website located at www.golfomoments.com, in order to respond to your inquiry or resolve your matter. I have read the privacy policy. \/ Accetto i termini e le condizioni che stabiliscono che: i dati personali inseriti nel modulo di contatto saranno trattati da GRIN HOUSE DESIGN Sp. z o.o., ul. Bia\u0142o\u0142\u0119cka 233 A, edificio B2, 03-253 Varsavia, NIP 5242911110, KRS 0000874439, info@golfomoments.com, +48 504 072 855, co-creatore e amministratore principale del sito web www.golfomoments.com, al fine di rispondere alla tua richiesta o risolvere il tuo problema. Ho letto l&#039;informativa sulla privacy.\" aria-errormessage=\"wpforms-720-field_4_3-error\" required ><label class=\"wpforms-field-label-inline\" for=\"wpforms-720-field_4_3\">Akceptuje regulamin, m\u00f3wi\u0105cy o tym \u017ce: Dane osobowe zawarte w formularzu kontaktowym b\u0119d\u0105 przetwarzane przez GRIN HOUSE DESIGN Sp. z o.o., ul. Bia\u0142o\u0142\u0119cka 233 A bud. B2 03-253 Warszawa, NIP 5242911110, KRS 0000874439, info@golfomoments.com,  +48 504 072 855 wsp\u00f3\u0142tw\u00f3rc\u0119 i g\u0142\u00f3wnego administratora strony, znajduj\u0105cej si\u0119 pod adresem www.golfomoments.com w celu udzielenia odpowiedzi lub za\u0142atwienia Twojej sprawy. Zapozna\u0142am\/em si\u0119 z polityk\u0105 prywatno\u015bci. \/ I accept the terms and conditions stating that: Personal data included in the contact form will be processed by GRIN HOUSE DESIGN Sp. z o.o., ul. Bia\u0142o\u0142\u0119cka 233 A, building B2, 03-253 Warsaw, NIP 5242911110, KRS 0000874439, info@golfomoments.com, +48 504 072 855, co-creator and main administrator of the website located at www.golfomoments.com, in order to respond to your inquiry or resolve your matter. I have read the privacy policy. \/ Accetto i termini e le condizioni che stabiliscono che: i dati personali inseriti nel modulo di contatto saranno trattati da GRIN HOUSE DESIGN Sp. z o.o., ul. Bia\u0142o\u0142\u0119cka 233 A, edificio B2, 03-253 Varsavia, NIP 5242911110, KRS 0000874439, info@golfomoments.com, +48 504 072 855, co-creatore e amministratore principale del sito web www.golfomoments.com, al fine di rispondere alla tua richiesta o risolvere il tuo problema. Ho letto l&#8217;informativa sulla privacy.<\/label><\/li><\/ul><\/fieldset><\/div><script>\n\t\t\t\t( function() {\n\t\t\t\t\tconst style = document.createElement( 'style' );\n\t\t\t\t\tstyle.appendChild( document.createTextNode( '#wpforms-720-field_1-container { position: absolute !important; overflow: hidden !important; display: inline !important; height: 1px !important; width: 1px !important; z-index: -1000 !important; padding: 0 !important; } #wpforms-720-field_1-container input { visibility: hidden; } #wpforms-conversational-form-page #wpforms-720-field_1-container label { counter-increment: none; }' ) );\n\t\t\t\t\tdocument.head.appendChild( style );\n\t\t\t\t\tdocument.currentScript?.remove();\n\t\t\t\t} )();\n\t\t\t<\/script><\/div><!-- .wpforms-field-container --><div class=\"wpforms-submit-container\" ><input type=\"hidden\" name=\"wpforms[id]\" value=\"720\"><input type=\"hidden\" name=\"page_title\" value=\"\"><input type=\"hidden\" name=\"page_url\" value=\"https:\/\/golfomoments.com\/pl\/wp-json\/wp\/v2\/pages\/734\"><input type=\"hidden\" name=\"url_referer\" value=\"\"><button type=\"submit\" name=\"wpforms[submit]\" id=\"wpforms-submit-720\" class=\"wpforms-submit\" data-alt-text=\"Wysy\u0142anie... \/ Sending... \/ Invio...\" data-submit-text=\"Prze\u015blij \/ Send \/ Invia\" aria-live=\"assertive\" value=\"wpforms-submit\">Prze\u015blij \/ Send \/ Invia<\/button><img decoding=\"async\" src=\"https:\/\/golfomoments.com\/wp-content\/plugins\/wpforms-lite\/assets\/images\/submit-spin.svg\" class=\"wpforms-submit-spinner\" style=\"display: none;\" width=\"26\" height=\"26\" alt=\"Wczytywanie\"><\/div><\/form><\/div>  <!-- .wpforms-container --><\/div>\n<\/div>\n<\/div>\n","protected":false},"excerpt":{"rendered":"<p>Znajd\u017a tutaj nasze dane kontaktowe, aby szybko uzyska\u0107 informacje o kursach kulinarnych w Castellammare del Golfo. Find our contact details here to quickly find out about our cooking courses in Castellammare del Golfo. Qui trovate i nostri contatti per avere subito informazioni sui nostri corsi di cucina a Castellammare del Golfo. Via Giovanni Verga 38, [&hellip;]<\/p>\n","protected":false},"author":1,"featured_media":0,"parent":0,"menu_order":0,"comment_status":"closed","ping_status":"closed","template":"page-with-title","meta":{"footnotes":""},"class_list":["post-734","page","type-page","status-publish","hentry"],"aioseo_notices":[],"_links":{"self":[{"href":"https:\/\/golfomoments.com\/pl\/wp-json\/wp\/v2\/pages\/734","targetHints":{"allow":["GET"]}}],"collection":[{"href":"https:\/\/golfomoments.com\/pl\/wp-json\/wp\/v2\/pages"}],"about":[{"href":"https:\/\/golfomoments.com\/pl\/wp-json\/wp\/v2\/types\/page"}],"author":[{"embeddable":true,"href":"https:\/\/golfomoments.com\/pl\/wp-json\/wp\/v2\/users\/1"}],"replies":[{"embeddable":true,"href":"https:\/\/golfomoments.com\/pl\/wp-json\/wp\/v2\/comments?post=734"}],"version-history":[{"count":7,"href":"https:\/\/golfomoments.com\/pl\/wp-json\/wp\/v2\/pages\/734\/revisions"}],"predecessor-version":[{"id":829,"href":"https:\/\/golfomoments.com\/pl\/wp-json\/wp\/v2\/pages\/734\/revisions\/829"}],"wp:attachment":[{"href":"https:\/\/golfomoments.com\/pl\/wp-json\/wp\/v2\/media?parent=734"}],"curies":[{"name":"wp","href":"https:\/\/api.w.org\/{rel}","templated":true}]}}