{"id":838,"date":"2026-03-26T09:14:47","date_gmt":"2026-03-26T08:14:47","guid":{"rendered":"https:\/\/golfomoments.com\/?page_id=838"},"modified":"2026-04-15T10:45:43","modified_gmt":"2026-04-15T08:45:43","slug":"rest","status":"publish","type":"page","link":"https:\/\/golfomoments.com\/pl\/rest\/","title":{"rendered":"Rest"},"content":{"rendered":"\n<h2 class=\"wp-block-heading ext-animate--on\">Find your perfect apartment in Sicily<\/h2>\n\n\n\n<p class=\"ext-animate--on\">Finding the perfect place to relax requires considering many factors, such as location, standards, and access to tourist attractions. Sicily, as one of the most diverse islands in the Mediterranean Sea, offers both cozy apartments in historic towns and modern spaces with sea views.<\/p>\n\n\n\n<p class=\"ext-animate--on\">As part of our collaboration with local entrepreneurs, we have carefully selected apartment options that meet various needs \u2013 from peaceful relaxation to active sightseeing. To tailor the offer to your individual expectations, please provide basic information about your planned stay.<\/p>\n\n\n\n<div class=\"forminator-guttenberg\"><div class=\"forminator-ui forminator-custom-form forminator-custom-form-616 forminator-design--default  forminator_ajax\" data-forminator-render=\"0\" data-form=\"forminator-module-616\" data-uid=\"69e64ff41a810\"><br\/><\/div><form\n\t\t\t\tid=\"forminator-module-616\"\n\t\t\t\tclass=\"forminator-ui forminator-custom-form forminator-custom-form-616 forminator-design--default  forminator_ajax\"\n\t\t\t\tmethod=\"post\"\n\t\t\t\tdata-forminator-render=\"0\"\n\t\t\t\tdata-form-id=\"616\"\n\t\t\t\t data-color-option=\"theme\" data-design=\"default\" data-grid=\"open\" style=\"display: none;\"\n\t\t\t\tdata-uid=\"69e64ff41a810\"\n\t\t\t><div role=\"alert\" aria-live=\"polite\" class=\"forminator-response-message forminator-error\" aria-hidden=\"true\"><\/div><div class=\"forminator-row\"><div id=\"group-1\" class=\"forminator-field-group forminator-col forminator-col-12 \"><div class=\"forminator-all-group-copies forminator-repeater-field\"><div class=\"forminator-grouped-fields\" data-options=\"{&quot;is_repeater&quot;:false,&quot;min_type&quot;:&quot;custom&quot;,&quot;max_type&quot;:&quot;custom&quot;,&quot;min&quot;:1,&quot;max&quot;:9223372036854775807,&quot;add_text&quot;:&quot;Dodaj element&quot;,&quot;remove_text&quot;:&quot;Usu\\u0144 element&quot;,&quot;action_element_type&quot;:&quot;button&quot;}\"><div class=\"forminator-row\"><div id=\"date-1\" class=\"forminator-field-date forminator-col forminator-col-12 \"><div class=\"forminator-field\"><label for=\"forminator-field-date-1-picker_69e64ff41a810\" id=\"forminator-field-date-1-picker_69e64ff41a810-label\" class=\"forminator-label\">Data od \/ Date from \/ Data da<\/label><div class=\"forminator-input-with-icon\"><span class=\"forminator-icon-calendar\" aria-hidden=\"true\"><\/span><input autocomplete=\"off\" type=\"text\" size=\"1\" name=\"date-1\" value=\"20-04-2026\" placeholder=\"Wybierz dat\u0119\" id=\"forminator-field-date-1-picker_69e64ff41a810\" class=\"forminator-input forminator-datepicker\" data-required=\"\" data-format=\"dd-mm-yy\" data-restrict-type=\"\" data-restrict=\"\" data-start-year=\"1926\" data-end-year=\"2126\" data-past-dates=\"enable\" data-start-of-week=\"1\" data-start-date=\"\" data-end-date=\"\" data-start-field=\"\" data-end-field=\"\" data-start-offset=\"\" data-end-offset=\"\" data-disable-date=\"\" data-disable-range=\"\" \/><\/div><\/div><\/div><\/div><div class=\"forminator-row\"><div id=\"date-2\" class=\"forminator-field-date forminator-col forminator-col-12 \"><div class=\"forminator-field\"><label for=\"forminator-field-date-2-picker_69e64ff41a810\" id=\"forminator-field-date-2-picker_69e64ff41a810-label\" class=\"forminator-label\">Data do \/ Date to \/ Data a<\/label><div class=\"forminator-input-with-icon\"><span class=\"forminator-icon-calendar\" aria-hidden=\"true\"><\/span><input autocomplete=\"off\" type=\"text\" size=\"1\" name=\"date-2\" value=\"20-04-2026\" placeholder=\"Wybierz dat\u0119\" id=\"forminator-field-date-2-picker_69e64ff41a810\" class=\"forminator-input forminator-datepicker\" data-required=\"\" data-format=\"dd-mm-yy\" data-restrict-type=\"\" data-restrict=\"\" data-start-year=\"1926\" data-end-year=\"2126\" data-past-dates=\"enable\" data-start-of-week=\"1\" data-start-date=\"\" data-end-date=\"\" data-start-field=\"\" data-end-field=\"\" data-start-offset=\"\" data-end-offset=\"\" data-disable-date=\"\" data-disable-range=\"\" \/><\/div><\/div><\/div><\/div><\/div><\/div><\/div><\/div><div class=\"forminator-row\"><div id=\"group-2\" class=\"forminator-field-group forminator-col forminator-col-12 \"><div class=\"forminator-all-group-copies forminator-repeater-field\"><div class=\"forminator-grouped-fields\" data-options=\"{&quot;is_repeater&quot;:false,&quot;min_type&quot;:&quot;custom&quot;,&quot;max_type&quot;:&quot;custom&quot;,&quot;min&quot;:1,&quot;max&quot;:9223372036854775807,&quot;add_text&quot;:&quot;Dodaj element&quot;,&quot;remove_text&quot;:&quot;Usu\\u0144 element&quot;,&quot;action_element_type&quot;:&quot;button&quot;}\"><div class=\"forminator-row\"><div id=\"number-1\" class=\"forminator-field-number forminator-col forminator-col-12 \"><div class=\"forminator-field\"><label for=\"forminator-field-number-1_69e64ff41a810\" id=\"forminator-field-number-1_69e64ff41a810-label\" class=\"forminator-label\">Doro\u015bli \/ Adult \/ Adulti<\/label><input name=\"number-1\" value=\"\" placeholder=\"\" id=\"forminator-field-number-1_69e64ff41a810\" class=\"forminator-input forminator-number--field\" inputmode=\"decimal\" data-required=\"\" data-decimals=\"0\" aria-required=\"false\" data-inputmask=\"&#039;groupSeparator&#039;: &#039;&#039;, &#039;radixPoint&#039;: &#039;&#039;, &#039;digits&#039;: &#039;0&#039;\" data-hidden-behavior=\"zero\" type=\"number\" step=\"any\" min=\"1\" max=\"150\" \/><\/div><\/div><\/div><div class=\"forminator-row\"><div id=\"number-2\" class=\"forminator-field-number forminator-col forminator-col-12 \"><div class=\"forminator-field\"><label for=\"forminator-field-number-2_69e64ff41a810\" id=\"forminator-field-number-2_69e64ff41a810-label\" class=\"forminator-label\">Dzieci \/ Children \/ Bambini<\/label><span id=\"forminator-field-number-2_69e64ff41a810-description\" class=\"forminator-description\">w wieku od 0 do 17 lat \/ aged 0 to 17 years \/ di et\u00e0 compresa tra 0 e 17 anni<\/span><input name=\"number-2\" value=\"\" placeholder=\"\" id=\"forminator-field-number-2_69e64ff41a810\" class=\"forminator-input forminator-number--field\" inputmode=\"decimal\" data-required=\"\" data-decimals=\"0\" aria-required=\"false\" data-inputmask=\"&#039;groupSeparator&#039;: &#039;&#039;, &#039;radixPoint&#039;: &#039;&#039;, &#039;digits&#039;: &#039;0&#039;\" data-hidden-behavior=\"zero\" type=\"number\" step=\"any\" min=\"1\" max=\"150\" aria-describedby=\"forminator-field-number-2_69e64ff41a810-description\" \/><\/div><\/div><\/div><div class=\"forminator-row\"><div id=\"number-3\" class=\"forminator-field-number forminator-col forminator-col-12 \"><div class=\"forminator-field\"><label for=\"forminator-field-number-3_69e64ff41a810\" id=\"forminator-field-number-3_69e64ff41a810-label\" class=\"forminator-label\">Pokoje \/ Rooms \/ Camere<\/label><input name=\"number-3\" value=\"\" placeholder=\"\" id=\"forminator-field-number-3_69e64ff41a810\" class=\"forminator-input forminator-number--field\" inputmode=\"decimal\" data-required=\"\" data-decimals=\"0\" aria-required=\"false\" data-inputmask=\"&#039;groupSeparator&#039;: &#039;&#039;, &#039;radixPoint&#039;: &#039;&#039;, &#039;digits&#039;: &#039;0&#039;\" data-hidden-behavior=\"zero\" type=\"number\" step=\"any\" min=\"1\" max=\"150\" \/><\/div><\/div><\/div><\/div><\/div><\/div><\/div><div class=\"forminator-row\"><div id=\"textarea-1\" class=\"forminator-field-textarea forminator-col forminator-col-12 \"><div class=\"forminator-field\"><label for=\"forminator-field-textarea-1_69e64ff41a810\" id=\"forminator-field-textarea-1_69e64ff41a810-label\" class=\"forminator-label\">Niezb\u0119dne udogodnienia \/ Necessary amenities \/ Servizi necessari<\/label><span id=\"forminator-field-textarea-1_69e64ff41a810-description\" class=\"forminator-description\"><span data-limit=\"180\" data-type=\"characters\" data-editor=\"\">0 \/ 180<\/span><\/span><textarea name=\"textarea-1\" placeholder=\"\" id=\"forminator-field-textarea-1_69e64ff41a810\" class=\"forminator-textarea\" rows=\"6\" style=\"min-height:140px;\" maxlength=\"180\" ><\/textarea><\/div><\/div><\/div><div class=\"forminator-row\"><div id=\"name-1\" class=\"forminator-field-name forminator-col forminator-col-12 \"><div class=\"forminator-row forminator-no-margin\" data-multiple=\"true\"><div class=\"forminator-col forminator-col-md-6\"><div class=\"forminator-field\"><label for=\"forminator-field-first-name-1_69e64ff41a810\" id=\"forminator-field-first-name-1_69e64ff41a810-label\" class=\"forminator-label\">Imi\u0119 \/ Name \/ Nome <span class=\"forminator-required\">*<\/span><\/label><input type=\"text\" name=\"name-1-first-name\" placeholder=\"\" id=\"forminator-field-first-name-1_69e64ff41a810\" class=\"forminator-input\" aria-required=\"true\" data-multi=\"1\" autocomplete=\"given-name\" value=\"\" \/><\/div><\/div><div class=\"forminator-col forminator-col-md-6\"><div class=\"forminator-field\"><label for=\"forminator-field-last-name-1_69e64ff41a810\" id=\"forminator-field-last-name-1_69e64ff41a810-label\" class=\"forminator-label\">Nazwisko \/ Surname \/ Cognome <span class=\"forminator-required\">*<\/span><\/label><input type=\"text\" name=\"name-1-last-name\" placeholder=\"\" id=\"forminator-field-last-name-1_69e64ff41a810\" class=\"forminator-input\" aria-required=\"true\" data-multi=\"1\" autocomplete=\"family-name\" value=\"\" \/><\/div><\/div><\/div><\/div><\/div><div class=\"forminator-row\"><div id=\"email-1\" class=\"forminator-field-email forminator-col forminator-col-12 \"><div class=\"forminator-field\"><label for=\"forminator-field-email-1_69e64ff41a810\" id=\"forminator-field-email-1_69e64ff41a810-label\" class=\"forminator-label\">e-mail <span class=\"forminator-required\">*<\/span><\/label><input type=\"email\" name=\"email-1\" value=\"\" placeholder=\"\" id=\"forminator-field-email-1_69e64ff41a810\" class=\"forminator-input forminator-email--field\" data-required=\"true\" aria-required=\"true\" autocomplete=\"email\" \/><\/div><\/div><\/div><div class=\"forminator-row\"><div id=\"phone-1\" class=\"forminator-field-phone forminator-col forminator-col-12 \"><div class=\"forminator-field\"><label for=\"forminator-field-phone-1_69e64ff41a810\" id=\"forminator-field-phone-1_69e64ff41a810-label\" class=\"forminator-label\">Numer telefonu \/ Telephone number \/ Numero di telefono <span class=\"forminator-required\">*<\/span><\/label><input type=\"text\" name=\"phone-1\" value=\"\" placeholder=\"\" id=\"forminator-field-phone-1_69e64ff41a810\" class=\"forminator-input forminator-field--phone\" data-required=\"1\" aria-required=\"true\" autocomplete=\"off\" data-validation=\"1\" \/><\/div><\/div><\/div><div class=\"forminator-row\"><div id=\"consent-1\" class=\"forminator-field-consent forminator-col forminator-col-12 \"><div class=\"forminator-field\"><div class=\"forminator-checkbox__wrapper\"><label id=\"forminator-field-consent-1_69e64ff41a810__label\" class=\"forminator-checkbox forminator-consent\"><input type=\"checkbox\" name=\"consent-1\" id=\"forminator-field-consent-1_69e64ff41a810\" value=\"checked\" aria-labelledby=\"forminator-field-consent-1_69e64ff41a810-label\" aria-describedby=\"forminator-field-consent-1_69e64ff41a810__description\" data-required=\"true\" aria-required=\"true\" \/><span class=\"forminator-checkbox-box\" aria-hidden=\"true\"><\/span><\/label><div id=\"forminator-field-consent-1_69e64ff41a810__description\" class=\"forminator-checkbox__label forminator-consent__label\"><p>Akceptuje regulamin, m\u00f3wi\u0105cy o tym \u017ce: Dane osobowe zawarte w formularzu kontaktowym b\u0119d\u0105 przetwarzane przez GRIN HOUSE DESIGN Sp. z o.o., ul. Bia\u0142o\u0142\u0119cka 233 A bud. B2 03-253 Warszawa, NIP 5242911110, KRS 0000874439, info@golfomoments.com, +48 504 072 855 wsp\u00f3\u0142tw\u00f3rc\u0119 i g\u0142\u00f3wnego administratora strony, znajduj\u0105cej si\u0119 pod adresem www.golfomoments.com w celu udzielenia odpowiedzi lub za\u0142atwienia Twojej sprawy. Zapozna\u0142am\/em si\u0119 z polityk\u0105 prywatno\u015bci. \/ I accept the terms and conditions stating that: Personal data included in the contact form will be processed by GRIN HOUSE DESIGN Sp. z o.o., ul. Bia\u0142o\u0142\u0119cka 233 A, building B2, 03-253 Warsaw, NIP 5242911110, KRS 0000874439, info@golfomoments.com, +48 504 072 855, co-creator and main administrator of the website located at www.golfomoments.com, in order to respond to your inquiry or resolve your matter. I have read the privacy policy. \/ Accetto i termini e le condizioni che stabiliscono che: i dati personali inseriti nel modulo di contatto saranno trattati da GRIN HOUSE DESIGN Sp. z o.o., ul. Bia\u0142o\u0142\u0119cka 233 A, edificio B2, 03-253 Varsavia, NIP 5242911110, KRS 0000874439, info@golfomoments.com, +48 504 072 855, co-creatore e amministratore principale del sito web www.golfomoments.com, al fine di rispondere alla tua richiesta o risolvere il tuo problema. Ho letto l'informativa sulla privacy.<\/p><\/div><\/div><\/div><\/div><\/div><input type=\"hidden\" name=\"referer_url\" value=\"\" \/><div class=\"forminator-row forminator-row-last\"><div class=\"forminator-col\"><div class=\"forminator-field\"><button class=\"forminator-button forminator-button-submit\">Popro\u015b o wycen\u0119 \/ Request a quote \/ Richiedi un preventivo<\/button><\/div><\/div><\/div><input type=\"hidden\" id=\"forminator_nonce\" name=\"forminator_nonce\" value=\"482f8fbc79\" \/><input type=\"hidden\" name=\"_wp_http_referer\" value=\"\/pl\/wp-json\/wp\/v2\/pages\/838\" \/><input type=\"hidden\" name=\"form_id\" value=\"616\"><input type=\"hidden\" name=\"page_id\" value=\"838\"><input type=\"hidden\" name=\"form_type\" value=\"default\"><input type=\"hidden\" name=\"current_url\" value=\"https:\/\/golfomoments.com\/pl\/rest\/\"><input type=\"hidden\" name=\"render_id\" value=\"0\"><input type=\"hidden\" name=\"action\" value=\"forminator_submit_form_custom-forms\"><\/form><\/div>\n\n\n\n<blockquote class=\"wp-block-quote ext-animate--on is-layout-flow wp-block-quote-is-layout-flow\">\n<p class=\"ext-animate--on\">Send us the above information, and we will find the perfect place for you to relax!<\/p>\n<\/blockquote>\n","protected":false},"excerpt":{"rendered":"<p>Find your perfect apartment in Sicily Finding the perfect place to relax requires considering many factors, such as location, standards, and access to tourist attractions. Sicily, as one of the most diverse islands in the Mediterranean Sea, offers both cozy apartments in historic towns and modern spaces with sea views. As part of our collaboration [&hellip;]<\/p>\n","protected":false},"author":1,"featured_media":0,"parent":0,"menu_order":0,"comment_status":"closed","ping_status":"closed","template":"page-with-title","meta":{"footnotes":""},"class_list":["post-838","page","type-page","status-publish","hentry"],"aioseo_notices":[],"_links":{"self":[{"href":"https:\/\/golfomoments.com\/pl\/wp-json\/wp\/v2\/pages\/838","targetHints":{"allow":["GET"]}}],"collection":[{"href":"https:\/\/golfomoments.com\/pl\/wp-json\/wp\/v2\/pages"}],"about":[{"href":"https:\/\/golfomoments.com\/pl\/wp-json\/wp\/v2\/types\/page"}],"author":[{"embeddable":true,"href":"https:\/\/golfomoments.com\/pl\/wp-json\/wp\/v2\/users\/1"}],"replies":[{"embeddable":true,"href":"https:\/\/golfomoments.com\/pl\/wp-json\/wp\/v2\/comments?post=838"}],"version-history":[{"count":3,"href":"https:\/\/golfomoments.com\/pl\/wp-json\/wp\/v2\/pages\/838\/revisions"}],"predecessor-version":[{"id":845,"href":"https:\/\/golfomoments.com\/pl\/wp-json\/wp\/v2\/pages\/838\/revisions\/845"}],"wp:attachment":[{"href":"https:\/\/golfomoments.com\/pl\/wp-json\/wp\/v2\/media?parent=838"}],"curies":[{"name":"wp","href":"https:\/\/api.w.org\/{rel}","templated":true}]}}